{"id":1607,"date":"2019-10-21T14:34:50","date_gmt":"2019-10-21T12:34:50","guid":{"rendered":"https:\/\/ceccararad.ro\/ro\/?page_id=1607"},"modified":"2022-11-29T12:36:16","modified_gmt":"2022-11-29T10:36:16","slug":"cariera","status":"publish","type":"page","link":"https:\/\/ceccarbrasov.ro\/ro\/cariera\/","title":{"rendered":"Carier\u0103"},"content":{"rendered":"<section   class=\"fw-main-row  auto  fw-section-position-back\"    >\n\t\t\t<div class=\"fw-container\" >\n\t\t<div class=\"fw-row\">\n\t<div id=\"column-69e204712b972\" class=\"fw-col-sm-12 tf-sh-6ae49301e923afe9b329df925c3a74aa\" >\n\t<div class=\"fw-wrap-col-inner clearfix  \"   >\n\t\t\t\t<div class=\"fw-col-inner\">\n\t\t\t<div class=\"fw-text-box tf-sh-dd4b5a175cbe65865e3098f49a4480d4 \" >\n\t<div class=\"fw-text-inner\">\n\t\t<p><strong><span style=\"font-size: 12pt;\">CECCAR Filiala Bucure\u0219ti: Coordonator compartiment audit intern<\/span><\/strong><\/p>\n<p><strong><span class=\"stk-highlight\">Corpul Exper\u021bilor Contabili \u0219i Contabililor Autoriza\u021bi din Rom\u00e2nia organizeaz\u0103 concurs la sediul Aparatului Central al CECCAR, din Municipiul Bucure\u0219ti, Intrarea Pielari nr. 1, sector 4, \u00een vederea ocup\u0103rii postului de Coordonator compartiment audit intern<u>,<\/u>\u00a0cu contract individual de munc\u0103 pe perioad\u0103 nedeterminat\u0103 \u0219i program de lucru de 8 ore\/zi.<\/span><\/strong><\/p>\n<p><strong><em><span class=\"stk-highlight\"><u>Condi\u0163iile generale de ocupare a postului<\/u>:<\/span><\/em><\/strong><\/p>\n<p><span class=\"stk-highlight\">a) are cet\u0103\u0163enia rom\u00e2n\u0103, cet\u0103\u0163enie a altor state membre ale Uniunii Europene sau a statelor apar\u0163in\u00e2nd Spa\u0163iului Economic European \u015fi domiciliul \u00een Rom\u00e2nia;<\/span><\/p>\n<p><span class=\"stk-highlight\">b) cunoa\u015fte limba rom\u00e2n\u0103, scris \u015fi vorbit;<\/span><\/p>\n<p><span class=\"stk-highlight\">c) are v\u00e2rsta minim\u0103 reglementat\u0103 de prevederile legale;<\/span><\/p>\n<p><span class=\"stk-highlight\">d) are capacitate deplin\u0103 de exerci\u0163iu;<\/span><\/p>\n<p><span class=\"stk-highlight\">e) are o stare de s\u0103n\u0103tate corespunz\u0103toare postului pentru care candideaz\u0103, atestat\u0103 pe baza adeverin\u0163ei medicale eliberate de medicul de familie sau de unit\u0103\u0163ile sanitare abilitate;<\/span><\/p>\n<p><span class=\"stk-highlight\">f) \u00eendepline\u015fte condi\u0163iile de studii \u015fi, de vechime sau alte condi\u0163ii specifice potrivit cerin\u0163elor postului;<\/span><\/p>\n<p><span class=\"stk-highlight\">g) nu a fost condamnat\u0103 definitiv pentru s\u0103v\u00e2r\u015firea unei infrac\u0163iuni contra umanit\u0103\u0163ii, contra statului ori contra autorit\u0103\u0163ii, de serviciu sau \u00een leg\u0103tur\u0103 cu serviciul, care \u00eempiedic\u0103 \u00eenf\u0103ptuirea justi\u0163iei, de fals ori a unor fapte de corup\u0163ie sau a unei infrac\u0163iuni s\u0103v\u00e2r\u015fite cu inten\u0163ie, care ar face-o incompatibil\u0103 cu exercitarea func\u0163iei, cu excep\u0163ia situa\u0163iei \u00een care a intervenit reabilitarea.<\/span><\/p>\n<p style=\"font-weight: 400;\"><em><a href=\"https:\/\/ceccar.ro\/ro\/?page_id=28102\">Cititi articolul integral pe site-ul CECCAR<\/a><\/em><\/p>\n<p>&nbsp;<\/p>\n<p>&nbsp;<\/p>\n\t<\/div>\n<\/div><div class=\"fw-text-box tf-sh-5607901bc76262d91863107978d52062 \" >\n\t<div class=\"fw-text-inner\">\n\t\t<p><strong>\u0218ef Birou administrativ \u2013 Filiala CECCAR Satu Mare<\/strong><\/p>\n<p>Corpul Exper\u021bilor Contabili \u0219i Contabililor Autoriza\u021bi din Rom\u00e2nia organizeaz\u0103 concurs, la sediul Filialei CECCAR Satu Mare din Municipiul Satu Mare, Str. R\u00e2ndunelelor nr. 3, Jude\u021bul Satu Mare, \u00een vederea ocup\u0103rii unui post de \u0219ef Birou administrativ, pe perioad\u0103 nedeterminat\u0103 \u0219i program de lucru de 8 ore\/zi.<\/p>\n<p>Condi\u0163iile generale pentru persoana care particip\u0103 la concurs:<\/p>\n<p>a) cet\u0103\u0163enia rom\u00e2n\u0103, cet\u0103\u0163enie a altor state membre ale Uniunii Europene sau a statelor apar\u0163in\u00e2nd Spa\u0163iului Economic European \u015fi domiciliul \u00een Rom\u00e2nia;<\/p>\n<p>b) cunoa\u015fte limba rom\u00e2n\u0103, scris \u015fi vorbit;<\/p>\n<p>c) v\u00e2rsta minim\u0103 reglementat\u0103 de prevederile legale;<\/p>\n<p style=\"font-weight: 400;\"><em><a href=\"https:\/\/ceccar.ro\/ro\/?page_id=27476\">Cititi articolul integral pe site-ul CECCAR<\/a><\/em><\/p>\n<p>&nbsp;<\/p>\n<p>&nbsp;<\/p>\n\t<\/div>\n<\/div><div class=\"fw-text-box tf-sh-c0adbb23b0ecddecd1800e841c7ca8d3 \" >\n\t<div class=\"fw-text-inner\">\n\t\t<p><strong>Post vacant: \u0219ef Birou stagiu \u0219i dezvoltare profesional\u0103 continu\u0103 - Filiala Boto\u0219ani<\/strong><\/p>\n<p><span class=\"stk-highlight\">Corpul Exper\u021bilor Contabili \u0219i Contabililor Autoriza\u021bi din Rom\u00e2nia organizeaz\u0103 concurs, la sediul Filialei Boto\u0219ani din Calea Na\u021bional\u0103 nr. 69F, Boto\u0219ani, \u00een vederea ocup\u0103rii unui post de\u00a0<em>\u0219ef Birou stagiu \u0219i dezvoltare profesional\u0103<\/em>\u00a0<em>continu\u0103<\/em>, pe perioad\u0103 determinat\u0103 de un an \u0219i program de lucru de 8 ore\/zi.<\/span><\/p>\n<p><strong><em><span class=\"stk-highlight\"><u>Condi\u0163iile generale pentru persoana care particip\u0103 la concurs<\/u>:<\/span><\/em><\/strong><\/p>\n<p><span class=\"stk-highlight\">a) cet\u0103\u0163enia rom\u00e2n\u0103, cet\u0103\u0163enie a altor state membre ale Uniunii Europene sau a statelor apar\u0163in\u00e2nd Spa\u0163iului Economic European \u015fi domiciliul \u00een Rom\u00e2nia;<\/span><\/p>\n<p style=\"font-weight: 400;\"><em><a href=\"https:\/\/ceccar.ro\/ro\/?page_id=27360\">Cititi articolul integral pe site-ul CECCAR<\/a><\/em><\/p>\n<p>&nbsp;<\/p>\n<p>&nbsp;<\/p>\n\t<\/div>\n<\/div><div class=\"fw-text-box tf-sh-c6f8c39f36e95a745207df7f32138dd5 \" >\n\t<div class=\"fw-text-inner\">\n\t\t<p><strong>Angajam consilier juridic!<\/strong><\/p>\n<p><span class=\"stk-highlight\">Ai studii superioare juridice \u0219i experien\u021b\u0103 \u00een domeniul juridic de minimum un an? Am putea deveni colegi!<\/span><\/p>\n<p><span class=\"stk-highlight\">Este important s\u0103 \u0219tii cum func\u021bioneaz\u0103 o asocia\u021bie\/funda\u021bie\/organism profesional, pentru c\u0103 noi asta suntem.<\/span><\/p>\n<p><span class=\"stk-highlight\">Conteaz\u0103 s\u0103 ai o aten\u021bie sporit\u0103 la detalii, abilit\u0103\u021bi excelente de analiz\u0103, capacitatea de a identifica rapid solu\u021biile potrivite<\/span>.<\/p>\n<p><span class=\"stk-highlight\">La fel de important este s\u0103 po\u021bi analiza \u0219i cerceta concepte juridice, jurispruden\u021ba, reglement\u0103ri legale \u00een vigoare, s\u0103 le sintetizezi \u0219i s\u0103 le interpretezi.<\/span><\/p>\n<p><span class=\"stk-highlight\">Dintre activit\u0103\u021bile viitorului\/viitoarei coleg\/colege:<\/span><\/p>\n<ul>\n<li><span class=\"stk-highlight\">\u00eentocme\u0219te documentele legale pentru sus\u0163inerea intereselor CECCAR \u00een fa\u0163a autorit\u0103\u0163ilor judec\u0103tore\u015fti \u015fi ale administra\u0163iei publice;<\/span><\/li>\n<li><span class=\"stk-highlight\">ap\u0103r\u0103 interesele juridice \u015fi reprezint\u0103 CECCAR la instan\u0163ele judec\u0103tore\u015fti, arbitrale, precum \u015fi \u00een fa\u0163a altor autorit\u0103\u0163i publice, pe baz\u0103 de delega\u0163ie;<\/span><\/li>\n<li><span class=\"stk-highlight\">analizeaz\u0103 zilnic site-urile institu\u021biilor \u0219i autorit\u0103\u021bilor de reglementare pentru urm\u0103rirea procesului legislativ al unor acte cu inciden\u0163\u0103 asupra profesiei;<\/span><\/li>\n<\/ul>\n<p><em>Citi\u021bi articolul integral pe site-ul CECCAR <a href=\"https:\/\/ceccar.ro\/ro\/?p=27347\">https:\/\/ceccar.ro\/ro\/?p=27347<\/a><\/em><\/p>\n<p>&nbsp;<\/p>\n<p>&nbsp;<\/p>\n\t<\/div>\n<\/div><div class=\"fw-text-box tf-sh-f708fffb8f73a406e79394cde75ea293 \" >\n\t<div class=\"fw-text-inner\">\n\t\t<p><strong>Auditor de calitate \u2013 Filiala Br\u0103ila<\/strong><\/p>\n<p>Corpul Exper\u021bilor Contabili \u0219i Contabililor Autoriza\u021bi din Rom\u00e2nia organizeaz\u0103 concurs la sediul Filialei CECCAR Br\u0103ila, Bd. Alexandru Ioan Cuza nr. 3, \u00een vederea ocup\u0103rii postului de auditor de calitate cu contract de munc\u0103 pe perioad\u0103 nedeterminat\u0103 \u0219i program de lucru de 8 ore\/zi\/5 zile\/s\u0103pt\u0103m\u00e2n\u0103.<\/p>\n<p><strong>Condi\u0163iile generale pentru persoana care particip\u0103 la concurs:<\/strong><\/p>\n<p><em>Citi\u021bi articolul integral pe site-ul CECCAR\u00a0<a href=\"https:\/\/ceccar.ro\/ro\/?page_id=24377\">https:\/\/ceccar.ro\/ro\/?page_id=24249<\/a><\/em><\/p>\n<p>&nbsp;<\/p>\n<p>&nbsp;<\/p>\n\t<\/div>\n<\/div><div class=\"fw-text-box tf-sh-8edc99a7a46ff5eba9d99f1c5aa27a65 \" >\n\t<div class=\"fw-text-inner\">\n\t\t<p><strong>\u0218ef Birou stagiu \u0219i dezvoltare profesional\u0103 continu\u0103 \u2013 Filiala Mure\u0219<\/strong><\/p>\n<p>Corpul Exper\u021bilor Contabili \u0219i Contabililor Autoriza\u021bi din Rom\u00e2nia organizeaz\u0103 concurs, la sediul Filialei CECCAR Mure\u0219 din Str. Marton Aron nr. 14, T\u00e2rgu Mure\u0219, jud. Mure\u0219, \u00een vederea ocup\u0103rii postului de \u0219ef Birou stagiu \u0219i dezvoltare profesional\u0103 continu\u0103, cu contract de munc\u0103 pe perioad\u0103 nedeterminat\u0103 \u0219i program de lucru de 8 ore\/zi.<\/p>\n<p><strong>Condi\u0163iile generale pentru persoana care particip\u0103 la concurs:<\/strong><\/p>\n<p style=\"font-weight: 400;\"><em>Citi\u021bi articolul integral pe site-ul CECCAR\u00a0<a href=\"https:\/\/ceccar.ro\/ro\/?page_id=24249\">https:\/\/ceccar.ro\/ro\/?page_id=24249<\/a><\/em><\/p>\n<p>&nbsp;<\/p>\n<p>&nbsp;<\/p>\n\t<\/div>\n<\/div><div class=\"fw-text-box tf-sh-816b83a3bcb53fe95c7548bed123301c \" >\n\t<div class=\"fw-text-inner\">\n\t\t<p><strong>Post vacant filiala Br\u0103ila: auditor de calitate<\/strong><\/p>\n<p>Corpul Exper\u021bilor Contabili \u0219i Contabililor Autoriza\u021bi din Rom\u00e2nia organizeaz\u0103 concurs la sediul Filialei CECCAR Br\u0103ila din Bdul Alexandru Ioan Cuza nr. 3, \u00een vederea ocup\u0103rii postului de\u00a0<strong>auditor de calitate<\/strong>\u00a0cu contract de munc\u0103 pe perioad\u0103 nedeterminat\u0103 \u0219i program de lucru de 4 ore\/zi, 5 zile\/s\u0103pt\u0103m\u00e2n\u0103.<\/p>\n<p><strong><u>Condi\u0163ii generale pentru persoana care particip\u0103 la concurs<\/u>:<\/strong><\/p>\n<p style=\"font-weight: 400;\"><em>Citi\u021bi articolul integral pe site-ul CECCAR\u00a0<a href=\"https:\/\/ceccar.ro\/ro\/?page_id=23603\" data-saferedirecturl=\"https:\/\/www.google.com\/url?q=https:\/\/ceccar.ro\/ro\/?page_id%3D23603&amp;source=gmail&amp;ust=1633533908778000&amp;usg=AFQjCNGohE7-qyOZqBDNWC7qyez7bdMbqg\">https:\/\/ceccar.ro\/ro\/?page_id=23603<\/a><\/em><\/p>\n<p>&nbsp;<\/p>\n<p>&nbsp;<\/p>\n\t<\/div>\n<\/div><div class=\"fw-text-box tf-sh-b833eb16fdf2d9f875a77552522a927f \" >\n\t<div class=\"fw-text-inner\">\n\t\t<p><strong>Post vacant filiala Giurgiu: auditor de calitate<\/strong><\/p>\n<p style=\"font-weight: 400;\">Corpul Exper\u021bilor Contabili \u0219i Contabililor Autoriza\u021bi din Rom\u00e2nia organizeaz\u0103 concurs la sediul Filialei CECCAR Giurgiu din Str. Vlad \u021aepe\u0219 C2, jude\u021bul Giurgiu, \u00een vederea ocup\u0103rii postului de\u00a0<strong>auditor de calitate<\/strong>\u00a0cu contract de munc\u0103 pe perioad\u0103 nedeterminat\u0103 \u0219i program de lucru de 4 ore\/s\u0103pt\u0103m\u00e2n\u0103.<\/p>\n<p style=\"font-weight: 400;\"><strong><u>Condi\u0163ii generale pentru persoana care particip\u0103 la concurs:<\/u><\/strong><\/p>\n<p><em style=\"font-weight: 400;\">Citi\u021bi articolul integral pe site-ul CECCAR\u00a0<a href=\"https:\/\/ceccar.ro\/ro\/?page_id=23647\" data-saferedirecturl=\"https:\/\/www.google.com\/url?q=https:\/\/ceccar.ro\/ro\/?page_id%3D23647&amp;source=gmail&amp;ust=1633771201556000&amp;usg=AFQjCNHJHczcyhoTiyEaad07VhqxAecCYg\">https:\/\/ceccar.ro\/ro\/?page_id=23647<\/a><\/em><\/p>\n<p>&nbsp;<\/p>\n<p>&nbsp;<\/p>\n\t<\/div>\n<\/div><div class=\"fw-text-box tf-sh-3e5eada7509bc5acae495818f762f10a \" >\n\t<div class=\"fw-text-inner\">\n\t\t<p><strong>Post vacant Filiala Timi\u0219: \u0219ef birou administrativ<\/strong><\/p>\n<p>Corpul Exper\u021bilor Contabili \u0219i Contabililor Autoriza\u021bi din Rom\u00e2nia organizeaz\u0103 concurs, la sediul Filialei CECCAR Timi\u0219 din Str. Moise Nicoar\u0103 nr. 21, jud. Timi\u0219, \u00een vederea ocup\u0103rii postului de\u00a0\u0219ef Birou administrativ\u00a0cu contract de munc\u0103 pe perioad\u0103 nedeterminat\u0103 \u0219i program de lucru de 8 ore\/zi.<\/p>\n<p>Condi\u0163iile generale pentru persoana care particip\u0103 la concurs:<\/p>\n<p>Citi\u021bi articolul integral pe site-ul CECCAR\u00a0<a href=\"https:\/\/ceccar.ro\/ro\/?page_id=23754\">https:\/\/ceccar.ro\/ro\/?page_id=23754<\/a><\/p>\n\t<\/div>\n<\/div>\t\t<\/div>\n\t<\/div>\n<\/div><\/div>\n\n<div class=\"fw-row\">\n\t<div id=\"column-69e204712d75a\" class=\"fw-col-sm-12 tf-sh-ba5ec20a080e6a1a00c78ac3f982ffdc\" >\n\t<div class=\"fw-wrap-col-inner clearfix  \"   >\n\t\t\t\t<div class=\"fw-col-inner\">\n\t\t\t\t\t<\/div>\n\t<\/div>\n<\/div><\/div>\n\n\t<\/div>\n\t<\/section>\n","protected":false},"excerpt":{"rendered":"<p>CECCAR Filiala Bucure\u0219ti: Coordonator compartiment audit intern Corpul Exper\u021bilor Contabili \u0219i Contabililor Autoriza\u021bi din Rom\u00e2nia organizeaz\u0103 concurs la sediul Aparatului Central al CECCAR, din Municipiul Bucure\u0219ti, Intrarea Pielari nr. 1, sector 4, \u00een vederea ocup\u0103rii [&hellip;]<\/p>\n","protected":false},"author":1,"featured_media":0,"parent":0,"menu_order":0,"comment_status":"closed","ping_status":"closed","template":"brizy-blank-template.php","meta":{"footnotes":""},"class_list":["post-1607","page","type-page","status-publish","hentry"],"brizy_media":[],"_links":{"self":[{"href":"https:\/\/ceccarbrasov.ro\/ro\/wp-json\/wp\/v2\/pages\/1607","targetHints":{"allow":["GET"]}}],"collection":[{"href":"https:\/\/ceccarbrasov.ro\/ro\/wp-json\/wp\/v2\/pages"}],"about":[{"href":"https:\/\/ceccarbrasov.ro\/ro\/wp-json\/wp\/v2\/types\/page"}],"author":[{"embeddable":true,"href":"https:\/\/ceccarbrasov.ro\/ro\/wp-json\/wp\/v2\/users\/1"}],"replies":[{"embeddable":true,"href":"https:\/\/ceccarbrasov.ro\/ro\/wp-json\/wp\/v2\/comments?post=1607"}],"version-history":[{"count":42,"href":"https:\/\/ceccarbrasov.ro\/ro\/wp-json\/wp\/v2\/pages\/1607\/revisions"}],"predecessor-version":[{"id":9214,"href":"https:\/\/ceccarbrasov.ro\/ro\/wp-json\/wp\/v2\/pages\/1607\/revisions\/9214"}],"wp:attachment":[{"href":"https:\/\/ceccarbrasov.ro\/ro\/wp-json\/wp\/v2\/media?parent=1607"}],"curies":[{"name":"wp","href":"https:\/\/api.w.org\/{rel}","templated":true}]}}