{"id":296,"date":"2017-10-30T09:31:35","date_gmt":"2017-10-30T09:31:35","guid":{"rendered":"https:\/\/ceccararad.ro\/ro\/?page_id=296"},"modified":"2023-01-11T10:17:35","modified_gmt":"2023-01-11T08:17:35","slug":"efectuarea-stagiului","status":"publish","type":"page","link":"https:\/\/ceccarbrasov.ro\/ro\/membri\/cum-devin-membru-ceccar\/efectuarea-stagiului\/","title":{"rendered":"Efectuarea stagiului"},"content":{"rendered":"<section   class=\"fw-main-row  auto  fw-section-position-back\"    >\n\t\t\t<div class=\"fw-container\" >\n\t\t<div class=\"fw-row\">\n\t<div id=\"column-69e09e0f7eb3d\" class=\"fw-col-sm-12 tf-sh-4bf7de7076824fb4c351a6d1039d0743\" >\n\t<div class=\"fw-wrap-col-inner clearfix  \"   >\n\t\t\t\t<div class=\"fw-col-inner\">\n\t\t\t<div class=\"fw-text-box tf-sh-b4a496c23a94b122350f1c9e2210e50c \" >\n\t<div class=\"fw-text-inner\">\n\t\t<p><strong><span style=\"font-size: 12pt;\">Efectuarea stagiului<br \/><\/span><\/strong><\/p>\n\t<\/div>\n<\/div><div class=\"fw-divider-space space-sm  clearfix\"  ><\/div><div class=\"tf-sh-435841a89aa1e8b5e1a52a967d0eb145 fw-tabs fw-tabs-minimal fw-tabs-top \" >\n\t<ul class=\"nav nav-tabs nav-justified\">\n\t\t\t\t\t<li class=\"active\">\n\t\t\t\t<a href=\"#tab-cont-435841a89aa1e8b5e1a52a967d0eb145-1\" data-toggle=\"tab\">\n\t\t\t\t\t\n\t\t\t\t\t\t\t\t\t\t<span>Reglement\u0103ri privind efectuarea stagiului \u015fi examenul de aptitudini \u00een vederea accesului la calitatea de expert contabil \u015fi de contabil autorizat<\/span>\n\t\t\t\t<\/a>\n\t\t\t<\/li>\n\t\t\t\t\t\t<\/ul>\n\n\t<div class=\"tab-content clearfix\">\n\t\t\t\t\t<div id=\"tab-cont-435841a89aa1e8b5e1a52a967d0eb145-1\"\n\t\t\t     class=\"tab-pane fade in active\">\n\t\t\t\t\n\t\t\t\t\t\t\t\t\t<ul><li style=\"text-align: justify;\"><a title=\"Regulament stagiu\" href=\"https:\/\/ceccarbrasov.ro\/ro\/wp-content\/uploads\/2018\/10\/regulament_stagiu_aptitudini.pdf\" target=\"_blank\" rel=\"noopener\">Regulament privind efectuarea stagiului \u015fi examenul de aptitudini \u00een vederea accesului la calitatea de expert contabil \u015fi de contabil autorizat<\/a><\/li><li style=\"text-align: justify;\"><a title=\"Modificari Regulament stagiu\" href=\"https:\/\/ceccarbrasov.ro\/ro\/wp-content\/uploads\/2018\/10\/Modificari-regulament-stagiu.pdf\" target=\"_blank\" rel=\"noopener\">Hot\u0103r\u00e2re pentru modificarea \u015fi completarea Regulamentului privind efectuarea stagiului \u015fi examenul de aptitudini \u00een vederea accesului la calitatea de expert contabil \u015fi de contabil autorizat, aprobat prin Hot\u0103r\u00e2rea Consiliului Superior al Corpului Exper\u0163ilor Contabili \u015fi Contabililor Autoriza\u0163i din Rom\u00e2nia nr. 00\/33\/2000<\/a><\/li><li><a href=\"https:\/\/ceccarbrasov.ro\/ro\/wp-content\/uploads\/2023\/01\/Calendar-activitati-stagiu-si-examene-CECCAR-2023.pdf\">Calendar activitati stagiu si examene CECCAR 2023<\/a><\/li><\/ul>\t\t\t\t\t\t\t<\/div>\n\t\t\t\t<\/div>\n<\/div><div class=\"fw-divider-space space-sm  clearfix\"  ><\/div>\t\t<\/div>\n\t<\/div>\n<\/div><\/div>\n\n\t<\/div>\n\t<\/section>\n","protected":false},"excerpt":{"rendered":"<p>Efectuarea stagiului Reglement\u0103ri privind efectuarea stagiului \u015fi examenul de aptitudini \u00een vederea accesului la calitatea de expert contabil \u015fi de contabil autorizat Regulament privind efectuarea stagiului \u015fi examenul de aptitudini \u00een vederea accesului la calitatea [&hellip;]<\/p>\n","protected":false},"author":1,"featured_media":0,"parent":288,"menu_order":0,"comment_status":"closed","ping_status":"closed","template":"visual-builder-template.php","meta":{"footnotes":""},"class_list":["post-296","page","type-page","status-publish","hentry"],"brizy_media":[],"_links":{"self":[{"href":"https:\/\/ceccarbrasov.ro\/ro\/wp-json\/wp\/v2\/pages\/296","targetHints":{"allow":["GET"]}}],"collection":[{"href":"https:\/\/ceccarbrasov.ro\/ro\/wp-json\/wp\/v2\/pages"}],"about":[{"href":"https:\/\/ceccarbrasov.ro\/ro\/wp-json\/wp\/v2\/types\/page"}],"author":[{"embeddable":true,"href":"https:\/\/ceccarbrasov.ro\/ro\/wp-json\/wp\/v2\/users\/1"}],"replies":[{"embeddable":true,"href":"https:\/\/ceccarbrasov.ro\/ro\/wp-json\/wp\/v2\/comments?post=296"}],"version-history":[{"count":11,"href":"https:\/\/ceccarbrasov.ro\/ro\/wp-json\/wp\/v2\/pages\/296\/revisions"}],"predecessor-version":[{"id":9487,"href":"https:\/\/ceccarbrasov.ro\/ro\/wp-json\/wp\/v2\/pages\/296\/revisions\/9487"}],"up":[{"embeddable":true,"href":"https:\/\/ceccarbrasov.ro\/ro\/wp-json\/wp\/v2\/pages\/288"}],"wp:attachment":[{"href":"https:\/\/ceccarbrasov.ro\/ro\/wp-json\/wp\/v2\/media?parent=296"}],"curies":[{"name":"wp","href":"https:\/\/api.w.org\/{rel}","templated":true}]}}