{"id":318,"date":"2017-10-30T09:47:00","date_gmt":"2017-10-30T09:47:00","guid":{"rendered":"https:\/\/ceccararad.ro\/ro\/?page_id=318"},"modified":"2019-10-25T18:27:22","modified_gmt":"2019-10-25T16:27:22","slug":"etica","status":"publish","type":"page","link":"https:\/\/ceccarbrasov.ro\/ro\/membri\/sunt-membru-ceccar\/etica\/","title":{"rendered":"Etic\u0103"},"content":{"rendered":"<section   class=\"fw-main-row  auto  fw-section-position-back\"    >\n\t\t\t<div class=\"fw-container\" >\n\t\t<div class=\"fw-row\">\n\t<div id=\"column-69dff53da8773\" class=\"fw-col-sm-12 tf-sh-4bf7de7076824fb4c351a6d1039d0743\" >\n\t<div class=\"fw-wrap-col-inner clearfix  \"   >\n\t\t\t\t<div class=\"fw-col-inner\">\n\t\t\t<div class=\"fw-text-box tf-sh-b4a496c23a94b122350f1c9e2210e50c \" >\n\t<div class=\"fw-text-inner\">\n\t\t<p class=\"entry-title\"><strong><span style=\"font-size: 12pt;\">Etic\u0103<\/span><\/strong><\/p>\n\t<\/div>\n<\/div><div class=\"fw-divider-space space-sm  clearfix\"  ><\/div><div class=\"tf-sh-435841a89aa1e8b5e1a52a967d0eb145 fw-tabs fw-tabs-minimal fw-tabs-top \" >\n\t<ul class=\"nav nav-tabs nav-justified\">\n\t\t\t\t\t<li class=\"active\">\n\t\t\t\t<a href=\"#tab-cont-435841a89aa1e8b5e1a52a967d0eb145-1\" data-toggle=\"tab\">\n\t\t\t\t\t\n\t\t\t\t\t\t\t\t\t\t<span>Codul etic na\u0163ional al profesioni\u015ftilor contabili, edi\u0163ia a V-a, revizuit\u0103 \u015fi ad\u0103ugit\u0103<\/span>\n\t\t\t\t<\/a>\n\t\t\t<\/li>\n\t\t\t\t\t\t<\/ul>\n\n\t<div class=\"tab-content clearfix\">\n\t\t\t\t\t<div id=\"tab-cont-435841a89aa1e8b5e1a52a967d0eb145-1\"\n\t\t\t     class=\"tab-pane fade in active\">\n\t\t\t\t\n\t\t\t\t\t\t\t\t\t<p style=\"text-align: justify;\"><a title=\"Codul etic na\u0163ional\" href=\"https:\/\/ceccarbrasov.ro\/ro\/wp-content\/uploads\/2018\/10\/Codul_etic_2011.pdf\" target=\"_blank\" rel=\"noopener\"><strong><img loading=\"lazy\" decoding=\"async\" class=\"alignright size-full wp-image-460\" src=\"https:\/\/ceccarbrasov.ro\/ro\/wp-content\/uploads\/2018\/10\/codul_etic.png\" alt=\"\" width=\"311\" height=\"448\" srcset=\"https:\/\/ceccarbrasov.ro\/ro\/wp-content\/uploads\/2018\/10\/codul_etic.png 311w, https:\/\/ceccarbrasov.ro\/ro\/wp-content\/uploads\/2018\/10\/codul_etic-208x300.png 208w\" sizes=\"auto, (max-width: 311px) 100vw, 311px\" \/>Codul etic na\u0163ional al profesioni\u015ftilor contabili, edi\u0163ia a V-a, revizuit\u0103 \u015fi ad\u0103ugit\u0103<\/strong><\/a><\/p><p style=\"text-align: justify;\">Cei interesa\u0163i pot achizi\u0163iona cartea de la\u00a0<a title=\"Contact filiale CECCAR\" href=\"https:\/\/ceccarbrasov.ro\/ro\/contact\/contact-filiale-ceccar\/\">filialele CECCAR<\/a>\u00a0din toat\u0103 \u0163ara.<\/p>\t\t\t\t\t\t\t<\/div>\n\t\t\t\t<\/div>\n<\/div><div class=\"fw-divider-space space-sm  clearfix\"  ><\/div>\t\t<\/div>\n\t<\/div>\n<\/div><\/div>\n\n\t<\/div>\n\t<\/section>\n","protected":false},"excerpt":{"rendered":"<p>Etic\u0103 Codul etic na\u0163ional al profesioni\u015ftilor contabili, edi\u0163ia a V-a, revizuit\u0103 \u015fi ad\u0103ugit\u0103 Codul etic na\u0163ional al profesioni\u015ftilor contabili, edi\u0163ia a V-a, revizuit\u0103 \u015fi ad\u0103ugit\u0103Cei interesa\u0163i pot achizi\u0163iona cartea de la\u00a0filialele CECCAR\u00a0din toat\u0103 \u0163ara.<\/p>\n","protected":false},"author":1,"featured_media":0,"parent":310,"menu_order":0,"comment_status":"closed","ping_status":"closed","template":"visual-builder-template.php","meta":{"footnotes":""},"class_list":["post-318","page","type-page","status-publish","hentry"],"brizy_media":[],"_links":{"self":[{"href":"https:\/\/ceccarbrasov.ro\/ro\/wp-json\/wp\/v2\/pages\/318","targetHints":{"allow":["GET"]}}],"collection":[{"href":"https:\/\/ceccarbrasov.ro\/ro\/wp-json\/wp\/v2\/pages"}],"about":[{"href":"https:\/\/ceccarbrasov.ro\/ro\/wp-json\/wp\/v2\/types\/page"}],"author":[{"embeddable":true,"href":"https:\/\/ceccarbrasov.ro\/ro\/wp-json\/wp\/v2\/users\/1"}],"replies":[{"embeddable":true,"href":"https:\/\/ceccarbrasov.ro\/ro\/wp-json\/wp\/v2\/comments?post=318"}],"version-history":[{"count":12,"href":"https:\/\/ceccarbrasov.ro\/ro\/wp-json\/wp\/v2\/pages\/318\/revisions"}],"predecessor-version":[{"id":1677,"href":"https:\/\/ceccarbrasov.ro\/ro\/wp-json\/wp\/v2\/pages\/318\/revisions\/1677"}],"up":[{"embeddable":true,"href":"https:\/\/ceccarbrasov.ro\/ro\/wp-json\/wp\/v2\/pages\/310"}],"wp:attachment":[{"href":"https:\/\/ceccarbrasov.ro\/ro\/wp-json\/wp\/v2\/media?parent=318"}],"curies":[{"name":"wp","href":"https:\/\/api.w.org\/{rel}","templated":true}]}}