{"id":572,"date":"2018-10-21T14:54:52","date_gmt":"2018-10-21T12:54:52","guid":{"rendered":"https:\/\/ceccararad.ro\/ro\/?page_id=572"},"modified":"2025-07-29T18:05:37","modified_gmt":"2025-07-29T16:05:37","slug":"ex-de-acces-la-stagiu","status":"publish","type":"page","link":"https:\/\/ceccarbrasov.ro\/ro\/membri\/cum-devin-membru-ceccar\/ex-de-acces-la-stagiu\/","title":{"rendered":"Examenul de acces la stagiu"},"content":{"rendered":"<section   class=\"fw-main-row  auto  fw-section-position-back\"    >\n\t\t\t<div class=\"fw-container\" >\n\t\t<div class=\"fw-row\">\n\t<div id=\"column-69e12c1fc75a6\" class=\"fw-col-sm-12 tf-sh-4bf7de7076824fb4c351a6d1039d0743\" >\n\t<div class=\"fw-wrap-col-inner clearfix  \"   >\n\t\t\t\t<div class=\"fw-col-inner\">\n\t\t\t<div class=\"fw-text-box tf-sh-b4a496c23a94b122350f1c9e2210e50c \" >\n\t<div class=\"fw-text-inner\">\n\t\t<p><strong><span style=\"font-size: 12pt;\">Examenul de acces la stagiu<\/span><\/strong><\/p>\n\t<\/div>\n<\/div><div class=\"fw-divider-space space-sm  clearfix\"  ><\/div><div class=\"tf-sh-435841a89aa1e8b5e1a52a967d0eb145 fw-tabs fw-tabs-minimal fw-tabs-top \" >\n\t<ul class=\"nav nav-tabs nav-justified\">\n\t\t\t\t\t<li class=\"active\">\n\t\t\t\t<a href=\"#tab-cont-435841a89aa1e8b5e1a52a967d0eb145-1\" data-toggle=\"tab\">\n\t\t\t\t\t\n\t\t\t\t\t\t\t\t\t\t<span>Anun\u0163uri \u015fi nout\u0103\u0163i<\/span>\n\t\t\t\t<\/a>\n\t\t\t<\/li>\n\t\t\t\t\t\t\t\t<li >\n\t\t\t\t<a href=\"#tab-cont-435841a89aa1e8b5e1a52a967d0eb145-2\" data-toggle=\"tab\">\n\t\t\t\t\t\n\t\t\t\t\t\t\t\t\t\t<span>Regulament privind accesul la profesia de expert contabil \u015fi de contabil autorizat<\/span>\n\t\t\t\t<\/a>\n\t\t\t<\/li>\n\t\t\t\t\t\t\t\t<li >\n\t\t\t\t<a href=\"#tab-cont-435841a89aa1e8b5e1a52a967d0eb145-3\" data-toggle=\"tab\">\n\t\t\t\t\t\n\t\t\t\t\t\t\t\t\t\t<span>Programa aferent\u0103 examenului de acces la stagiu<\/span>\n\t\t\t\t<\/a>\n\t\t\t<\/li>\n\t\t\t\t\t\t\t\t<li >\n\t\t\t\t<a href=\"#tab-cont-435841a89aa1e8b5e1a52a967d0eb145-4\" data-toggle=\"tab\">\n\t\t\t\t\t\n\t\t\t\t\t\t\t\t\t\t<span>Dosarul de \u00eenscriere la examenul de acces la stagiu<\/span>\n\t\t\t\t<\/a>\n\t\t\t<\/li>\n\t\t\t\t\t\t\t\t<li >\n\t\t\t\t<a href=\"#tab-cont-435841a89aa1e8b5e1a52a967d0eb145-5\" data-toggle=\"tab\">\n\t\t\t\t\t\n\t\t\t\t\t\t\t\t\t\t<span>Sesiuni de examen de acces la stagiu<\/span>\n\t\t\t\t<\/a>\n\t\t\t<\/li>\n\t\t\t\t\t\t\t\t<li >\n\t\t\t\t<a href=\"#tab-cont-435841a89aa1e8b5e1a52a967d0eb145-6\" data-toggle=\"tab\">\n\t\t\t\t\t\n\t\t\t\t\t\t\t\t\t\t<span>Calendar cursuri<\/span>\n\t\t\t\t<\/a>\n\t\t\t<\/li>\n\t\t\t\t\t\t\t\t<li >\n\t\t\t\t<a href=\"#tab-cont-435841a89aa1e8b5e1a52a967d0eb145-7\" data-toggle=\"tab\">\n\t\t\t\t\t\n\t\t\t\t\t\t\t\t\t\t<span>Efectuarea stagiului<\/span>\n\t\t\t\t<\/a>\n\t\t\t<\/li>\n\t\t\t\t\t\t<\/ul>\n\n\t<div class=\"tab-content clearfix\">\n\t\t\t\t\t<div id=\"tab-cont-435841a89aa1e8b5e1a52a967d0eb145-1\"\n\t\t\t     class=\"tab-pane fade in active\">\n\t\t\t\t\n\t\t\t\t\t\t\t\t\t<div dir=\"ltr\"><div dir=\"ltr\"><div dir=\"ltr\"><h1><span style=\"font-family: Arial; font-size: 14pt;\">Examenul de admitere la stagiu \u2013 sesiunea 2-3 octombrie 2025<\/span><\/h1><p align=\"left\"><span style=\"font-family: Arial;\"><strong>Termenul de depunere a dosarului \u00eenscrierea la<\/strong>\u00a0<strong>sesiunea\u00a02-3 octombrie 2025\u00a0a examenului de admitere la stagiu<\/strong><\/span><\/p><p><span style=\"font-family: Arial;\">Dosarele de \u00eenscriere la examenul de admitere la stagiu pot fi depuse online p\u00e2n\u0103 la\u00a0<strong>1 septembrie 2025<\/strong>.<\/span><\/p><p><strong><span style=\"font-family: Arial;\">Taxa \u00eenscriere examen admitere stagiu \u0219i modalitate de plat\u0103<\/span><\/strong><\/p><p><span style=\"font-family: Arial;\">Persoanele care doresc \u00eenscrierea la examenul de admitere la stagiu, sesiunea 2-3 octombrie 2025, pot achita taxa de \u00eenscriere \u00een\u00a0<\/span><a title=\"\" href=\"https:\/\/ceccar.ro\/ro\/wp-content\/uploads\/2025\/03\/Evidenta-IBAN-uri_-filiale-CECCAR.pdf\" target=\"_blank\" rel=\"noopener\" data-saferedirecturl=\"https:\/\/www.google.com\/url?q=https:\/\/ceccar.ro\/ro\/wp-content\/uploads\/2025\/03\/Evidenta-IBAN-uri_-filiale-CECCAR.pdf&amp;source=gmail&amp;ust=1753447115395000&amp;usg=AOvVaw08kNmQUmsR8tFS1RMpozW9\"><span style=\"color: #0365b9;\"><span style=\"font-family: Arial;\">contul filialei de domiciliu<\/span><\/span><\/a><span style=\"font-family: Arial;\">.<\/span><\/p><div><p><span style=\"font-family: Arial;\"><strong>Taxa de \u00eenscriere pentru candida\u021bii care nu s-au \u00eenscris la sesiunea din septembrie este de<\/strong>:<\/span><\/p><p>\u2013 175 Euro (c\/v \u00een lei la cursul BNR din ziua pl\u0103\u0163ii) pentru categoria expert contabil;<br \/>\u2013 125 Euro (c\/v \u00een lei la cursul BNR din ziua pl\u0103\u0163ii) pentru categoria contabil autorizat.<\/p><p>Persoanele care au beneficiat de vouchere care substituie taxa de \u00eenscriere la examenul de admitere la stagiu vor anexa\/\u00eenc\u0103rca la dosarul de \u00eenscriere voucherul.<\/p><\/div><\/div><\/div><\/div>\t\t\t\t\t\t\t<\/div>\n\t\t\t\t\t\t<div id=\"tab-cont-435841a89aa1e8b5e1a52a967d0eb145-2\"\n\t\t\t     class=\"tab-pane fade \">\n\t\t\t\t\n\t\t\t\t\t\t\t\t\t<p><a href=\"https:\/\/ceccar.ro\/ro\/wp-content\/uploads\/2011\/09\/regulament-acces.pdf\">https:\/\/ceccar.ro\/ro\/wp-content\/uploads\/2011\/09\/regulament-acces.pdf<\/a><\/p>\t\t\t\t\t\t\t<\/div>\n\t\t\t\t\t\t<div id=\"tab-cont-435841a89aa1e8b5e1a52a967d0eb145-3\"\n\t\t\t     class=\"tab-pane fade \">\n\t\t\t\t\n\t\t\t\t\t\t\t\t\t<p style=\"font-weight: 400;\"><a href=\"https:\/\/ceccar.ro\/ro\/wp-content\/uploads\/2025\/03\/Programa-EC-examen-acces-2025.pdf\" data-saferedirecturl=\"https:\/\/www.google.com\/url?q=https:\/\/ceccar.ro\/ro\/wp-content\/uploads\/2025\/03\/Programa-EC-examen-acces-2025.pdf&amp;source=gmail&amp;ust=1753447115395000&amp;usg=AOvVaw0HM5WbVEatlRd_4rCWG2HI\">Program\u0103- expert contabil (sesiunea octombrie 2025)<\/a><\/p><p style=\"font-weight: 400;\"><a href=\"https:\/\/ceccar.ro\/ro\/wp-content\/uploads\/2025\/03\/Programa-CA-examen-acces-2025.pdf\" data-saferedirecturl=\"https:\/\/www.google.com\/url?q=https:\/\/ceccar.ro\/ro\/wp-content\/uploads\/2025\/03\/Programa-CA-examen-acces-2025.pdf&amp;source=gmail&amp;ust=1753447115395000&amp;usg=AOvVaw0xep0i-u31IwkfcGcDe6yx\">Program\u0103 - contabil autorizat (sesiunea octombrie 2025)<\/a><\/p>\t\t\t\t\t\t\t<\/div>\n\t\t\t\t\t\t<div id=\"tab-cont-435841a89aa1e8b5e1a52a967d0eb145-4\"\n\t\t\t     class=\"tab-pane fade \">\n\t\t\t\t\n\t\t\t\t\t\t\t\t\t<header><div role=\"navigation\"><nav id=\"fw-menu-primary\"><div dir=\"ltr\"><ol><li style=\"font-weight: 400;\"><span style=\"font-family: Arial;\"><span>Dosarul de \u00eenscriere se poate depune:<\/span><\/span><p><span style=\"font-family: Arial;\"><span>A. ONLINE<\/span><\/span><\/p><p><span style=\"font-family: Arial;\"><span>B. La sediul oric\u0103rei\u00a0<\/span><\/span><a title=\"\" href=\"https:\/\/ceccar.ro\/ro\/?page_id=455\" target=\"_blank\" rel=\"noopener\" data-saferedirecturl=\"https:\/\/www.google.com\/url?q=https:\/\/ceccar.ro\/ro\/?page_id%3D455&amp;source=gmail&amp;ust=1753447115395000&amp;usg=AOvVaw1zD4tQRxPd4ZcA1FwPolEi\"><span style=\"font-family: Arial;\"><span style=\"color: #0365b9;\"><span>filiale CECCAR<\/span><\/span><\/span><\/a><\/p><div><div align=\"center\"><div align=\"center\"><span style=\"font-family: Arial;\"><span style=\"color: #ffffff;\"><span><a href=\"https:\/\/stagiu.ceccar.ro\/core\/admin\/login.php\" target=\"_blank\" rel=\"noopener\" data-saferedirecturl=\"https:\/\/www.google.com\/url?q=https:\/\/stagiu.ceccar.ro\/core\/admin\/login.php&amp;source=gmail&amp;ust=1753447115395000&amp;usg=AOvVaw2coqmE46A5LMutJmHxT2hb\">\u00censcrie-te online la examenul de acces<\/a>\u00censcrie-te online la examenul de acces<\/span><\/span><\/span><\/div><\/div><\/div><p><span style=\"font-family: Arial;\"><strong><span><a href=\"https:\/\/ceccar.ro\/ro\/wp-content\/uploads\/2025\/05\/Ghid-pentru-inscrierea-la-examenul-de-acces-CECCAR-2025-1.pdf\" target=\"_blank\" rel=\"noopener\" data-saferedirecturl=\"https:\/\/www.google.com\/url?q=https:\/\/ceccar.ro\/ro\/wp-content\/uploads\/2025\/05\/Ghid-pentru-inscrierea-la-examenul-de-acces-CECCAR-2025-1.pdf&amp;source=gmail&amp;ust=1753447115395000&amp;usg=AOvVaw3nkOAg4zzTr7-O8JgdpyBZ\">Descarc\u0103 Ghidul pentru \u00eenscrierea la examenul de acces CECCAR<\/a><\/span><\/strong><\/span><\/p><p><span style=\"font-family: Arial;\"><strong><span>A.<\/span><\/strong><span>\u00a0<\/span><strong><span>Instruc\u021biuni privind completarea formularului online de \u00eenscriere:<\/span><\/strong><\/span><\/p><ul><li><span style=\"font-family: Arial;\"><span>Candidatul se va \u00eenscrie cu numele complet (cu majuscule), conform actului de identitate, prin completarea adresei de e-mail corect\u0103 \u0219i a num\u0103rului de telefon.<\/span><\/span><\/li><\/ul><ul><li><span style=\"font-family: Arial;\"><span>Dup\u0103 completarea tuturor c\u00e2mpurilor din platforma CECCAR, candidatul va primi un e-mail de confirmare privind activarea contului \u00een cadrul platformei.<\/span><\/span><\/li><\/ul><ul><li><span style=\"font-family: Arial;\"><span>De asemenea, dup\u0103 verificarea documentelor \u00eenc\u0103rcate, candidatul va primi un mesaj privind validarea dosarului \u0219i dreptul de participare la examenul de admitere la stagiu.<\/span><\/span><\/li><\/ul><ul><li><span style=\"font-family: Arial;\"><span>Pentru documentele de \u00eenscriere pentru care exist\u0103 formulare tipizate CECCAR se vor respecta modelele \u00eenc\u0103rcate \u00een platform\u0103.<\/span><\/span><\/li><\/ul><ul><li><span style=\"font-family: Arial;\"><span>Centrele de examen sunt stabilite, dup\u0103 finalizarea \u00eenscrierilor, \u00een func\u021bie de num\u0103rul candida\u021bilor \u00eenscri\u0219i prin arondarea filialelor la centrele de examen.<p><\/span><em><span>Av\u00e2nd \u00een vedere faptul c\u0103 la momentul \u00eenscrierii nu avem stabilite centrele de examen, \u00een momentul complet\u0103rii formularului de \u00eenscriere prin platforma CECCAR avem rug\u0103mintea s\u0103 selecta\u021bi tot filiala de domiciliu, urm\u00e2nd ca aceast\u0103 s\u0103 fie repartizat\u0103 unui centru de examen, dup\u0103 ce sunt stabilite. \u00cen situa\u021bia \u00een care opta\u021bi pentru un anumit centru de examen v\u0103 rug\u0103m s\u0103 selecta\u021bi filiala corespunz\u0103toare.<\/span><\/em><\/span><\/li><\/ul><ul><li><span style=\"font-family: Arial;\"><span>Pentru confirmarea \u00eenscrierii \u00een stagiu, candida\u021bii care depun dosarul de \u00eenscriere online, prin platforma CECCAR, au obliga\u021bia depunerii documentelor \u00een original, dup\u0103 sus\u021binerea \u0219i promovarea examenului de admitere la stagiu, odat\u0103 cu \u00eenscrierea \u00een stagiu \u00een cadrul filialei CECCAR.<\/span><\/span><\/li><\/ul><ul><li><span style=\"font-family: Arial;\"><span>Persoanele care au beneficiat de vouchere care susbstituie taxa de \u00eenscriere la examenul de admitere la stagiu vor anexa\/\u00eenc\u0103rca la dosarul de \u00eenscriere voucherul.<\/span><\/span><\/li><\/ul><p>&nbsp;<\/p><p><strong><span style=\"font-family: Arial;\"><span>B. Instruc\u021biuni pentru depunerea dosarului la sediul filialelor CECCAR<\/span><\/span><\/strong><\/p><p><span style=\"font-family: Arial;\"><span>Con\u021binutul dosarului de \u00eenscriere pentru sus\u021binerea examenului de admitere la stagiu \u00een vederea ob\u0163inerii\u00a0<strong>calit\u0103\u0163ii de expert contabil<\/strong>:<\/span><\/span><\/p><ul><li><span style=\"font-family: Arial;\"><span>cererea de \u00eenscriere (<\/span><\/span><span><a title=\"\" href=\"https:\/\/ceccar.ro\/ro\/wp-content\/uploads\/2025\/03\/Cerere-inscriere-examen-admitere.pdf\" target=\"_blank\" rel=\"noopener\" data-saferedirecturl=\"https:\/\/www.google.com\/url?q=https:\/\/ceccar.ro\/ro\/wp-content\/uploads\/2025\/03\/Cerere-inscriere-examen-admitere.pdf&amp;source=gmail&amp;ust=1753447115395000&amp;usg=AOvVaw32xg4ukHJlvp4NrOejtBn2\"><span style=\"color: #0365b9;\"><span style=\"font-family: Arial;\">model Anex\u0103<\/span><\/span><\/a><\/span><span style=\"font-family: Arial;\"><span>);<\/span><\/span><\/li><li><span style=\"font-family: Arial;\"><span>copie CI;<\/span><\/span><\/li><li><span style=\"font-family: Arial;\"><span>documentul medical din care s\u0103 rezulte c\u0103 solicitantul are capacitate de exerci\u021biu deplin\u0103;<\/span><\/span><\/li><li><span style=\"font-family: Arial;\"><span>curriculum vitae (<\/span><\/span><span><a title=\"\" href=\"https:\/\/ceccar.ro\/ro\/wp-content\/uploads\/2025\/03\/CV.pdf\" target=\"_blank\" rel=\"noopener\" data-saferedirecturl=\"https:\/\/www.google.com\/url?q=https:\/\/ceccar.ro\/ro\/wp-content\/uploads\/2025\/03\/CV.pdf&amp;source=gmail&amp;ust=1753447115395000&amp;usg=AOvVaw0dY7otSP7fI24R9mbPxvvC\"><span style=\"color: #0365b9;\"><span style=\"font-family: Arial;\">model Anex\u0103<\/span><\/span><\/a><\/span><span style=\"font-family: Arial;\"><span>);<\/span><\/span><\/li><li><span style=\"font-family: Arial;\"><span>copia diplomei care atest\u0103 finalizarea studiilor superioare economice cu diplom\u0103 recunoscut\u0103 de Ministerul Educa\u021biei, cu precizarea c\u0103 certificarea copiei pentru conformitate cu originalul se realizeaz\u0103 de c\u0103tre personalul CECCAR;<\/span><\/span><\/li><li><span style=\"font-family: Arial;\"><span>certificat de cazier judiciar cu termen de valabilitate neexpirat;<\/span><\/span><\/li><li><span style=\"font-family: Arial;\"><span>dovada achit\u0103rii taxei de \u00eenscriere la examen \u00een cuantum de 175 Euro (c\/v \u00een lei la cursul BNR din ziua pl\u0103\u0163ii);<\/span><\/span><\/li><li><span style=\"font-family: Arial;\"><span>acordul GDPR (<\/span><\/span><span><a title=\"\" href=\"https:\/\/ceccar.ro\/ro\/wp-content\/uploads\/2025\/03\/Acord-GDPR.pdf\" target=\"_blank\" rel=\"noopener\" data-saferedirecturl=\"https:\/\/www.google.com\/url?q=https:\/\/ceccar.ro\/ro\/wp-content\/uploads\/2025\/03\/Acord-GDPR.pdf&amp;source=gmail&amp;ust=1753447115395000&amp;usg=AOvVaw06nnmK3QFrbYPeidgMDFEy\"><span style=\"color: #0365b9;\"><span style=\"font-family: Arial;\">model Anex\u0103<\/span><\/span><\/a><\/span><span style=\"font-family: Arial;\"><span>)<\/span><\/span><\/li><\/ul><p><span style=\"font-family: Arial;\"><span>Con\u021binutul dosarului de \u00eenscriere pentru sus\u021binerea examenului de admitere la stagiu \u00een vederea ob\u0163inerii\u00a0<strong>calit\u0103\u0163ii de contabil autorizat<\/strong>:<\/span><\/span><\/p><ul><li><span style=\"font-family: Arial;\"><span>cererea de \u00eenscriere (<\/span><\/span><span><a title=\"\" href=\"https:\/\/ceccar.ro\/ro\/wp-content\/uploads\/2025\/03\/Cerere-inscriere-examen-admitere.pdf\" target=\"_blank\" rel=\"noopener\" data-saferedirecturl=\"https:\/\/www.google.com\/url?q=https:\/\/ceccar.ro\/ro\/wp-content\/uploads\/2025\/03\/Cerere-inscriere-examen-admitere.pdf&amp;source=gmail&amp;ust=1753447115395000&amp;usg=AOvVaw32xg4ukHJlvp4NrOejtBn2\"><span style=\"color: #0365b9;\"><span style=\"font-family: Arial;\">model Anex\u0103<\/span><\/span><\/a><\/span><span style=\"font-family: Arial;\"><span>);<\/span><\/span><\/li><li><span style=\"font-family: Arial;\"><span>copie CI;<\/span><\/span><\/li><li><span style=\"font-family: Arial;\"><span>documentul medical din care s\u0103 rezulte c\u0103 solicitantul are capacitate de exerci\u021biu deplin\u0103;<\/span><\/span><\/li><li><span style=\"font-family: Arial;\"><span>curriculum vitae (<\/span><\/span><span><a title=\"\" href=\"https:\/\/ceccar.ro\/ro\/wp-content\/uploads\/2025\/03\/CV.pdf\" target=\"_blank\" rel=\"noopener\" data-saferedirecturl=\"https:\/\/www.google.com\/url?q=https:\/\/ceccar.ro\/ro\/wp-content\/uploads\/2025\/03\/CV.pdf&amp;source=gmail&amp;ust=1753447115395000&amp;usg=AOvVaw0dY7otSP7fI24R9mbPxvvC\"><span style=\"color: #0365b9;\"><span style=\"font-family: Arial;\">model Anex\u0103<\/span><\/span><\/a><\/span><span style=\"font-family: Arial;\"><span>);<\/span><\/span><\/li><li><span style=\"font-family: Arial;\"><span>copia diplomei care atest\u0103 finalizarea studiilor medii cu diplom\u0103 recunoscut\u0103 de Ministerul Educa\u021biei, cu precizarea c\u0103 certificarea copiei pentru conformitate cu originalul se realizeaz\u0103 de c\u0103tre personalul CECCAR;<\/span><\/span><\/li><li><span style=\"font-family: Arial;\"><span>certificat de cazier judiciar cu termen de valabilitate neexpirat;<\/span><\/span><\/li><li><span style=\"font-family: Arial;\"><span>dovada achit\u0103rii taxei de \u00eenscriere la examen \u00een cuantum de 125 Euro (c\/v \u00een lei la cursul BNR din ziua pl\u0103\u0163ii);<\/span><\/span><\/li><li><span style=\"font-family: Arial;\"><span>acordul GDPR\u00a0 (<\/span><\/span><span><a title=\"\" href=\"https:\/\/ceccar.ro\/ro\/wp-content\/uploads\/2025\/03\/Acord-GDPR.pdf\" target=\"_blank\" rel=\"noopener\" data-saferedirecturl=\"https:\/\/www.google.com\/url?q=https:\/\/ceccar.ro\/ro\/wp-content\/uploads\/2025\/03\/Acord-GDPR.pdf&amp;source=gmail&amp;ust=1753447115395000&amp;usg=AOvVaw06nnmK3QFrbYPeidgMDFEy\"><span style=\"color: #0365b9;\"><span style=\"font-family: Arial;\">model Anex\u0103<\/span><\/span><\/a><\/span><span style=\"font-family: Arial;\"><span>);<\/span><\/span><\/li><\/ul><\/li><\/ol><\/div><\/nav><\/div><\/header>\t\t\t\t\t\t\t<\/div>\n\t\t\t\t\t\t<div id=\"tab-cont-435841a89aa1e8b5e1a52a967d0eb145-5\"\n\t\t\t     class=\"tab-pane fade \">\n\t\t\t\t\n\t\t\t\t\t\t\t\t\t<header><div role=\"navigation\"><nav id=\"fw-menu-primary\"><header><div dir=\"ltr\"><p><strong><span style=\"font-family: Arial;\"><span>Structur\u0103 probe examene \u0219i condi\u021bii promovabilitate<\/span><\/span><\/strong><\/p><p><span style=\"font-family: Arial;\"><span>Examenul de admitere la stagiu se va organiza \u00een zilele de\u00a0<strong>2-3 octombrie 2025<\/strong>\u00a0\u0219i const\u0103 \u00een urm\u0103toarele:<\/span><\/span><\/p><ul><li><strong><span style=\"font-family: Arial;\"><span>Pentru categoria de expert contabil, sus\u021binerea a dou\u0103 probe scrise, dup\u0103 cum urmeaz\u0103:<\/span><\/span><\/strong><ul><li><span style=\"font-family: Arial;\"><span>o prob\u0103 scris\u0103 cu subiecte din disciplinele\u00a0<em>Contabilitate, Fiscalitate\u00a0<\/em>\u015fi<em>\u00a0Drept<\/em>, cu o durat\u0103 de 3 ore;<\/span><\/span><\/li><li><span style=\"font-family: Arial;\"><span>o prob\u0103 scris\u0103 cu subiecte din disciplinele\u00a0<em>Evaluare economic\u0103 \u015fi financiar\u0103 a \u00eentreprinderilor, Audit, Expertiz\u0103 contabil\u0103 \u015fi Doctrina \u015fi deontologia profesiei contabile<\/em>, cu o durat\u0103 de 3 ore;<\/span><\/span><\/li><\/ul><\/li><\/ul><ul><li><span style=\"font-family: Arial;\"><strong><span>Pentru categoria contabililor autoriza\u0163i care \u00eendeplinesc condi\u0163ia de studii superioare economice\u00a0<\/span><\/strong><span>sus\u021binerea unei probe scrise cu subiecte din disciplinele\u00a0<em>Contabilitate, Evaluare economic\u0103 \u015fi financiar\u0103 a \u00eentreprinderilor, Audit, Expertiz\u0103 contabil\u0103, Doctrina \u015fi deontologia profesiei contabile<\/em>\u00a0cu o durat\u0103 de 4 ore;<\/span><\/span><\/li><\/ul><ul><li><span style=\"font-family: Arial;\"><strong><span>Pentru categoria de contabil autorizat<\/span><\/strong><span>\u00a0sus\u021binerea unei probe scrise, cu subiecte din disciplinele\u00a0<em>Contabilitate<\/em>,\u00a0<em>Fi<wbr \/>scalitate<\/em>\u00a0\u015fi\u00a0<em>Drept<\/em>, cu o durat\u0103 de 3 ore.<\/span><\/span><\/li><\/ul><p><span style=\"font-family: Arial;\"><span>Se declar\u0103 admi\u0219i candida\u021bii care ob\u021bin cel pu\u021bin media 7 \u0219i minimum nota 6 la fiecare disciplin\u0103 de examen.<\/span><\/span><\/p><div><\/div><div><span><u><em><strong>Calendar cursuri<\/strong><\/em><\/u><\/span><\/div><div><u><\/u><\/div><p><strong><span style=\"font-family: Arial;\"><span>Organizare cursuri preg\u0103tire examen admitere stagiu<\/span><\/span><\/strong><\/p><p><span style=\"font-family: Arial;\"><span>Pentru a veni \u00een sprijinul persoanelor care doresc \u00eenscrierea la examenul de admitere la stagiu CECCAR organizeaz\u0103 o serie de sesiuni de preg\u0103tire gratuite.<\/p><p>Cursurile de preg\u0103tire vor avea loc \u00een format online, pe platforma ZOOM, \u0219i vor aborda cele \u0219apte discipline ale examenului de admitere la stagiu:\u00a0<strong><em>Contabilitate, Fiscalitate, Drept, Audit, Evaluarea \u00eentreprinderii, Expertiz\u0103 contabil\u0103, Doctrin\u0103 \u0219i deontologia profesiei contabile<\/em><\/strong>.<\/p><p>Participarea gratuit\u0103 la cursurile de preg\u0103tire organizate de CECCAR este condi\u021bionat\u0103 de achizi\u021bionarea\u00a0<strong><em><a title=\"\" href=\"https:\/\/librarie.ceccar.ro\/ghiduri-examene\/66-ghid-pentru-examenul-de-acces-la-stagiul-pentru-obtinerea-calitatii-de-expert-contabil-si-de-contabil-autorizat-2024.html\" target=\"_blank\" rel=\"noopener\" data-saferedirecturl=\"https:\/\/www.google.com\/url?q=https:\/\/librarie.ceccar.ro\/ghiduri-examene\/66-ghid-pentru-examenul-de-acces-la-stagiul-pentru-obtinerea-calitatii-de-expert-contabil-si-de-contabil-autorizat-2024.html&amp;source=gmail&amp;ust=1753447115395000&amp;usg=AOvVaw0liwLplkJxvbfJ16PBpTDC\"><span style=\"color: #0365b9;\">Ghidului pentru examenul de acces la stagiul pentru ob\u021binerea calit\u0103\u021bii de expert contabil si de contabil autorizat<\/span><\/a><\/em><\/strong>, emis de CECCAR, \u0219i de depunerea dosarului de \u00eenscriere.<\/p><p>Perioada de organizare a cursurilor de preg\u0103tire va fi anun\u021bat\u0103 \u00een perioada urm\u0103toare.<\/span><\/span><\/p><\/div><\/header><\/nav><\/div><\/header>\t\t\t\t\t\t\t<\/div>\n\t\t\t\t\t\t<div id=\"tab-cont-435841a89aa1e8b5e1a52a967d0eb145-6\"\n\t\t\t     class=\"tab-pane fade \">\n\t\t\t\t\n\t\t\t\t\t\t\t\t\t<p style=\"font-weight: 400;\"><strong>Organizare cursuri preg\u0103tire examen admitere stagiu<\/strong><\/p><p style=\"font-weight: 400;\">\u00cen continuarea programului de preg\u0103tire derulat \u00een cursul lunilor iulie \u0219i septembrie 2024, CECCAR organizeaz\u0103,\u00a0<strong>\u00eencep\u00e2nd cu data de 4 noiembrie 2024<\/strong>, o nou\u0103 sesiune de preg\u0103tire gratuit\u0103 pentru candida\u021bii care doresc s\u0103 participe la sesiunea\u00a0<strong>28-29 noiembrie 2024<\/strong>.<\/p><p>Cursurile de preg\u0103tire vor avea loc \u00een format online, pe platforma ZOOM, \u0219i vor aborda cele \u0219apte discipline ale examenului de admitere la stagiu:\u00a0<strong><em>Contabilitate, Fiscalitate, Drept, Audit, Evaluarea \u00eentreprinderii, Expertiz\u0103 contabil\u0103, Doctrin\u0103 \u0219i deontologia profesiei contabile<\/em><\/strong>.<\/p><p>Participarea gratuit\u0103 la cursurile de preg\u0103tire organizate de CECCAR este condi\u021bionat\u0103 de achizi\u021bionarea\u00a0<a href=\"https:\/\/librarie.ceccar.ro\/ghiduri-examene\/66-ghid-pentru-examenul-de-acces-la-stagiul-pentru-obtinerea-calitatii-de-expert-contabil-si-de-contabil-autorizat-2024.html\" data-saferedirecturl=\"https:\/\/www.google.com\/url?q=https:\/\/librarie.ceccar.ro\/ghiduri-examene\/66-ghid-pentru-examenul-de-acces-la-stagiul-pentru-obtinerea-calitatii-de-expert-contabil-si-de-contabil-autorizat-2024.html&amp;source=gmail&amp;ust=1730027339625000&amp;usg=AOvVaw33rzWKVZTmdyZ6LSQ7yEcw\">Ghidului pentru examenul de acces la stagiul pentru ob\u021binerea calit\u0103\u021bii de expert contabil si de contabil autorizat<\/a>, emis de CECCAR, \u0219i de depunerea dosarului de \u00eenscriere.<\/p><p>Dup\u0103 finalizarea \u00eenscrierilor candida\u021bii ale c\u0103ror dosare au fost validate vor primi \u00eencep\u00e2nd cu data de 4 noiembrie 2024, din partea filialei de domiciliu, graficul cursurilor de preg\u0103tire, pe discipline \u0219i zile.<\/p>\t\t\t\t\t\t\t<\/div>\n\t\t\t\t\t\t<div id=\"tab-cont-435841a89aa1e8b5e1a52a967d0eb145-7\"\n\t\t\t     class=\"tab-pane fade \">\n\t\t\t\t\n\t\t\t\t\t\t\t\t\t<p><a href=\"https:\/\/ceccar.ro\/ro\/wp-content\/uploads\/2024\/02\/Procedura-privind-sustinerea-evaluarilor-si-reevaluarilor-din-timpul-stagiului.pdf\" target=\"_blank\" rel=\"noopener\" data-saferedirecturl=\"https:\/\/www.google.com\/url?q=https:\/\/ceccar.ro\/ro\/wp-content\/uploads\/2024\/02\/Procedura-privind-sustinerea-evaluarilor-si-reevaluarilor-din-timpul-stagiului.pdf&amp;source=gmail&amp;ust=1709896458601000&amp;usg=AOvVaw19Fx8u8mld3jh3HZOUbjik\">Procedur\u0103 privind sus\u021binerea evalu\u0103rilor \u0219i reevalu\u0103rilor din timpul stagiului<\/a><\/p>\t\t\t\t\t\t\t<\/div>\n\t\t\t\t<\/div>\n<\/div><div class=\"fw-divider-space space-sm  clearfix\"  ><\/div>\t\t<\/div>\n\t<\/div>\n<\/div><\/div>\n\n\t<\/div>\n\t<\/section>\n","protected":false},"excerpt":{"rendered":"<p>Examenul de acces la stagiu Anun\u0163uri \u015fi nout\u0103\u0163i Regulament privind accesul la profesia de expert contabil \u015fi de contabil autorizat Programa aferent\u0103 examenului de acces la stagiu Dosarul de \u00eenscriere la examenul de acces la [&hellip;]<\/p>\n","protected":false},"author":1,"featured_media":0,"parent":288,"menu_order":0,"comment_status":"closed","ping_status":"closed","template":"visual-builder-template.php","meta":{"footnotes":""},"class_list":["post-572","page","type-page","status-publish","hentry"],"brizy_media":[],"_links":{"self":[{"href":"https:\/\/ceccarbrasov.ro\/ro\/wp-json\/wp\/v2\/pages\/572","targetHints":{"allow":["GET"]}}],"collection":[{"href":"https:\/\/ceccarbrasov.ro\/ro\/wp-json\/wp\/v2\/pages"}],"about":[{"href":"https:\/\/ceccarbrasov.ro\/ro\/wp-json\/wp\/v2\/types\/page"}],"author":[{"embeddable":true,"href":"https:\/\/ceccarbrasov.ro\/ro\/wp-json\/wp\/v2\/users\/1"}],"replies":[{"embeddable":true,"href":"https:\/\/ceccarbrasov.ro\/ro\/wp-json\/wp\/v2\/comments?post=572"}],"version-history":[{"count":67,"href":"https:\/\/ceccarbrasov.ro\/ro\/wp-json\/wp\/v2\/pages\/572\/revisions"}],"predecessor-version":[{"id":12465,"href":"https:\/\/ceccarbrasov.ro\/ro\/wp-json\/wp\/v2\/pages\/572\/revisions\/12465"}],"up":[{"embeddable":true,"href":"https:\/\/ceccarbrasov.ro\/ro\/wp-json\/wp\/v2\/pages\/288"}],"wp:attachment":[{"href":"https:\/\/ceccarbrasov.ro\/ro\/wp-json\/wp\/v2\/media?parent=572"}],"curies":[{"name":"wp","href":"https:\/\/api.w.org\/{rel}","templated":true}]}}